{"id":16,"date":"2022-01-02T12:28:58","date_gmt":"2022-01-02T12:28:58","guid":{"rendered":"https:\/\/creativolandia.com\/app\/agenda\/?page_id=16"},"modified":"2022-01-12T17:47:42","modified_gmt":"2022-01-12T17:47:42","slug":"sesion-de-valoracion-gratuita","status":"publish","type":"page","link":"https:\/\/creativolandia.com\/app\/agenda\/","title":{"rendered":"Sesi\u00f3n de valoraci\u00f3n gratuita"},"content":{"rendered":"\n<div style=\"height:100px\" aria-hidden=\"true\" class=\"wp-block-spacer\"><\/div>\n\n\n\n<div class=\"wp-block-image\"><figure class=\"aligncenter size-full is-resized\"><img loading=\"lazy\" decoding=\"async\" src=\"https:\/\/creativolandia.com\/app\/agenda\/wp-content\/uploads\/sites\/6\/2022\/01\/logot.png\" alt=\"\" class=\"wp-image-17\" width=\"688\" height=\"111\" srcset=\"https:\/\/creativolandia.com\/app\/agenda\/wp-content\/uploads\/sites\/6\/2022\/01\/logot.png 914w, https:\/\/creativolandia.com\/app\/agenda\/wp-content\/uploads\/sites\/6\/2022\/01\/logot-300x49.png 300w, https:\/\/creativolandia.com\/app\/agenda\/wp-content\/uploads\/sites\/6\/2022\/01\/logot-768x124.png 768w\" sizes=\"auto, (max-width: 688px) 100vw, 688px\" \/><\/figure><\/div>\n\n\n\n<h1 class=\"has-text-align-center has-large-font-size wp-block-heading\">Reserva ahora tu sesi\u00f3n de valoraci\u00f3n gratuita<\/h1>\n\n\n\n<p class=\"has-text-align-center\"><strong>Recuerda que la zona horaria es la hora de Madrid <\/strong>ya que me encuentro en Espa\u00f1a, <br>si estas fuera de Espa\u00f1a <strong>escr\u00edbeme un correo y vemos que se puede hacer<\/strong> .<\/p>\n\n\n\n<script>\n  if (typeof hasAmeliaAppointment === 'undefined') {\n    var hasAmeliaAppointment = true;\n  }\n  if (typeof hasAppointmentApiCall === 'undefined' && '' === '') {\n    var hasAppointmentApiCall = true;\n  }\n  var hasBookingShortcode = (typeof hasBookingShortcode === 'undefined') ? false : true;\n  var bookingEntitiesIds = (typeof bookingEntitiesIds === 'undefined') ? [] : bookingEntitiesIds;\n  bookingEntitiesIds.push(\n    {\n      'hasApiCall': (typeof hasAppointmentApiCall !== 'undefined') && hasAppointmentApiCall,\n      'trigger': '',\n      'show': '',\n      'counter': '0',\n      'category': '',\n      'service': '3',\n      'employee': '',\n      'location': ''\n    }\n  );\n  var lazyBookingEntitiesIds = (typeof lazyBookingEntitiesIds === 'undefined') ? [] : lazyBookingEntitiesIds;\n  if (bookingEntitiesIds[bookingEntitiesIds.length - 1].trigger !== '') {\n    lazyBookingEntitiesIds.push(bookingEntitiesIds.pop());\n  }\n  if (typeof hasAppointmentApiCall !== 'undefined' && hasAppointmentApiCall) {\n    hasAppointmentApiCall = false;\n  }\n<\/script>\n\n<div id=\"amelia-app-booking0\" class=\"amelia-booking amelia-frontend amelia-app-booking\">\n  <booking id=\"amelia-step-booking0\"><\/booking>\n<\/div>\n\n","protected":false},"excerpt":{"rendered":"<p>Reserva ahora tu sesi\u00f3n de valoraci\u00f3n gratuita Recuerda que la zona horaria es la hora de Madrid ya que me encuentro en Espa\u00f1a, si estas fuera de Espa\u00f1a escr\u00edbeme un correo y vemos que se puede hacer .<\/p>\n","protected":false},"author":1,"featured_media":0,"parent":0,"menu_order":0,"comment_status":"closed","ping_status":"closed","template":"","meta":{"site-sidebar-layout":"no-sidebar","site-content-layout":"page-builder","ast-site-content-layout":"default","site-content-style":"default","site-sidebar-style":"default","ast-global-header-display":"","ast-banner-title-visibility":"","ast-main-header-display":"disabled","ast-hfb-above-header-display":"","ast-hfb-below-header-display":"","ast-hfb-mobile-header-display":"disabled","site-post-title":"disabled","ast-breadcrumbs-content":"disabled","ast-featured-img":"disabled","footer-sml-layout":"disabled","ast-disable-related-posts":"","theme-transparent-header-meta":"default","adv-header-id-meta":"","stick-header-meta":"","header-above-stick-meta":"","header-main-stick-meta":"","header-below-stick-meta":"","astra-migrate-meta-layouts":"default","ast-page-background-enabled":"default","ast-page-background-meta":{"desktop":{"background-color":"","background-image":"","background-repeat":"repeat","background-position":"center center","background-size":"auto","background-attachment":"scroll","background-type":"","background-media":"","overlay-type":"","overlay-color":"","overlay-opacity":"","overlay-gradient":""},"tablet":{"background-color":"","background-image":"","background-repeat":"repeat","background-position":"center center","background-size":"auto","background-attachment":"scroll","background-type":"","background-media":"","overlay-type":"","overlay-color":"","overlay-opacity":"","overlay-gradient":""},"mobile":{"background-color":"","background-image":"","background-repeat":"repeat","background-position":"center center","background-size":"auto","background-attachment":"scroll","background-type":"","background-media":"","overlay-type":"","overlay-color":"","overlay-opacity":"","overlay-gradient":""}},"ast-content-background-meta":{"desktop":{"background-color":"var(--ast-global-color-5)","background-image":"","background-repeat":"repeat","background-position":"center center","background-size":"auto","background-attachment":"scroll","background-type":"","background-media":"","overlay-type":"","overlay-color":"","overlay-opacity":"","overlay-gradient":""},"tablet":{"background-color":"var(--ast-global-color-5)","background-image":"","background-repeat":"repeat","background-position":"center center","background-size":"auto","background-attachment":"scroll","background-type":"","background-media":"","overlay-type":"","overlay-color":"","overlay-opacity":"","overlay-gradient":""},"mobile":{"background-color":"var(--ast-global-color-5)","background-image":"","background-repeat":"repeat","background-position":"center center","background-size":"auto","background-attachment":"scroll","background-type":"","background-media":"","overlay-type":"","overlay-color":"","overlay-opacity":"","overlay-gradient":""}},"footnotes":""},"class_list":["post-16","page","type-page","status-publish","hentry"],"_links":{"self":[{"href":"https:\/\/creativolandia.com\/app\/agenda\/wp-json\/wp\/v2\/pages\/16","targetHints":{"allow":["GET"]}}],"collection":[{"href":"https:\/\/creativolandia.com\/app\/agenda\/wp-json\/wp\/v2\/pages"}],"about":[{"href":"https:\/\/creativolandia.com\/app\/agenda\/wp-json\/wp\/v2\/types\/page"}],"author":[{"embeddable":true,"href":"https:\/\/creativolandia.com\/app\/agenda\/wp-json\/wp\/v2\/users\/1"}],"replies":[{"embeddable":true,"href":"https:\/\/creativolandia.com\/app\/agenda\/wp-json\/wp\/v2\/comments?post=16"}],"version-history":[{"count":0,"href":"https:\/\/creativolandia.com\/app\/agenda\/wp-json\/wp\/v2\/pages\/16\/revisions"}],"wp:attachment":[{"href":"https:\/\/creativolandia.com\/app\/agenda\/wp-json\/wp\/v2\/media?parent=16"}],"curies":[{"name":"wp","href":"https:\/\/api.w.org\/{rel}","templated":true}]}}